{"id":88592,"date":"2026-01-06T14:33:24","date_gmt":"2026-01-06T14:33:24","guid":{"rendered":"https:\/\/beta.oando.pt\/resolucion-alternativa-de-disputas\/"},"modified":"2026-01-06T14:43:50","modified_gmt":"2026-01-06T14:43:50","slug":"resolucion-alternativa-de-disputas","status":"publish","type":"page","link":"https:\/\/oando.pt\/es\/resolucion-alternativa-de-disputas\/","title":{"rendered":"Resoluci\u00f3n alternativa de disputas"},"content":{"rendered":"\t\t<div data-elementor-type=\"wp-page\" data-elementor-id=\"88592\" class=\"elementor elementor-88592 elementor-88567\">\n\t\t\t\t<div class=\"elementor-element elementor-element-7bedc941 e-flex e-con-boxed e-con e-parent\" data-id=\"7bedc941\" data-element_type=\"container\" data-e-type=\"container\" data-settings=\"{&quot;background_background&quot;:&quot;classic&quot;}\">\n\t\t\t\t\t<div class=\"e-con-inner\">\n\t\t\t\t<div class=\"elementor-element elementor-element-ae7afe5 elementor-widget elementor-widget-houzez_elementor_page_title\" data-id=\"ae7afe5\" data-element_type=\"widget\" data-e-type=\"widget\" data-widget_type=\"houzez_elementor_page_title.default\">\n\t\t\t\t<div class=\"elementor-widget-container\">\n\t\t\t\t\t \n        <div class=\"d-flex align-items-center\">\n            <div class=\"page-title flex-grow-1\" role=\"heading\" aria-level=\"1\">\n\t<h1>Resoluci\u00f3n alternativa de disputas<\/h1>\n<\/div><!-- page-title -->\n \n        <\/div><!-- d-flex -->  \n        \t\t\t\t<\/div>\n\t\t\t\t<\/div>\n\t\t\t\t<div class=\"elementor-element elementor-element-78fd1c25 elementor-widget elementor-widget-text-editor\" data-id=\"78fd1c25\" data-element_type=\"widget\" data-e-type=\"widget\" data-widget_type=\"text-editor.default\">\n\t\t\t\t\t\t\t\t\t<p><\/p>\n<p>En caso de litigio, el consumidor podr\u00e1 recurrir a un organismo de resoluci\u00f3n de litigios de consumo:<\/p>\n<p><\/p>\n<p>Centro de Arbitragem de Conflitos de Consumo de Lisboa<\/p>\n<p><\/p>\n<p><a href=\"http:\/\/www.centroarbitragemlisboa.pt\/\" target=\"_blank\" rel=\"noreferrer noopener\"><strong>http:\/\/www.centroarbitragemlisboa.pt<\/strong><\/a><\/p>\n<p><\/p>\n<p>Centro de Arbitragem de Conflitos de Consumo do Vale do Ave\/Tribunal Arbitral<\/p>\n<p><\/p>\n<p><a href=\"http:\/\/www.triave.pt\/\" target=\"_blank\" rel=\"noreferrer noopener\"><strong>http:\/\/www.triave.pt<\/strong><\/a><\/p>\n<p><\/p>\n<p>CIAB \u2013 Centro de Informa\u00e7\u00e3o, Media\u00e7\u00e3o e Arbitragem de Consumo (Tribunal Arbitral de Consumo)<\/p>\n<p><\/p>\n<p><a href=\"http:\/\/www.ciab.pt\/pt\" target=\"_blank\" rel=\"noreferrer noopener\"><strong>http:\/\/www.ciab.pt\/pt<\/strong><\/a><\/p>\n<p><\/p>\n<p>CNIACC \u2013 Centro Nacional de Informa\u00e7\u00e3o e Arbitragem de Conflitos de Consumo<\/p>\n<p><\/p>\n<figure class=\"wp-block-embed\">\n<div class=\"wp-block-embed__wrapper\"><strong><a href=\"https:\/\/www.cniacc.pt\/pt\">https:\/\/www.cniacc.pt\/pt<\/a><\/strong><\/div>\n<\/figure>\n<p><\/p>\n<p>Centro de Arbitragem de Conflitos de Consumo do Distrito de Coimbra<\/p>\n<p><\/p>\n<p><a href=\"http:\/\/www.centrodearbitragemdecoimbra.com\/\" target=\"_blank\" rel=\"noreferrer noopener\"><strong>http:\/\/www.centrodearbitragemdecoimbra.com<\/strong><\/a><\/p>\n<p><\/p>\n<p>Centro de Informa\u00e7\u00e3o, Media\u00e7\u00e3o e Arbitragem de Conflitos de Consumo do Algarve<\/p>\n<p><\/p>\n<p><a href=\"http:\/\/www.consumoalgarve.pt\/\" target=\"_blank\" rel=\"noreferrer noopener\"><strong>http:\/\/www.consumoalgarve.pt<\/strong><\/a><\/p>\n<p><\/p>\n<p>Centro de Informa\u00e7\u00e3o de Consumo e Arbitragem do Porto<\/p>\n<p><\/p>\n<p><a href=\"http:\/\/www.cicap.pt\/\" target=\"_blank\" rel=\"noreferrer noopener\"><strong>http:\/\/www.cicap.pt<\/strong><\/a><\/p>\n<p><\/p>\n<p>Centro de Arbitragem de Conflitos de Consumo da Madeira<\/p>\n<p><\/p>\n<figure class=\"wp-block-embed\">\n<div class=\"wp-block-embed__wrapper\"><strong><a href=\"https:\/\/www.madeira.gov.pt\/cacc\">https:\/\/www.madeira.gov.pt\/cacc<\/a><\/strong><\/div>\n<\/figure>\n<p><\/p>\n<p>M\u00e1s informaci\u00f3n disponible en el Portal del Consumidor <a href=\"http:\/\/www.consumidor.pt\/\" target=\"_blank\" rel=\"noreferrer noopener\">www.consumidor.pt<\/a><\/p>\n<p><\/p>\n<p><\/p>\t\t\t\t\t\t\t\t<\/div>\n\t\t\t\t\t<\/div>\n\t\t\t\t<\/div>\n\t\t\t\t<\/div>\n\t\t","protected":false},"excerpt":{"rendered":"<p>En caso de litigio, el consumidor podr\u00e1 recurrir a un organismo de resoluci\u00f3n de litigios de consumo: Centro de Arbitragem de Conflitos de Consumo de Lisboa http:\/\/www.centroarbitragemlisboa.pt Centro de Arbitragem de Conflitos de Consumo do Vale do Ave\/Tribunal Arbitral http:\/\/www.triave.pt CIAB \u2013 Centro de Informa\u00e7\u00e3o, Media\u00e7\u00e3o e Arbitragem de Consumo (Tribunal Arbitral de Consumo) http:\/\/www.ciab.pt\/pt [&hellip;]<\/p>\n","protected":false},"author":1,"featured_media":0,"parent":0,"menu_order":0,"comment_status":"closed","ping_status":"closed","template":"elementor_header_footer","meta":{"footnotes":""},"class_list":["post-88592","page","type-page","status-publish","hentry"],"aioseo_notices":[],"_links":{"self":[{"href":"https:\/\/oando.pt\/es\/wp-json\/wp\/v2\/pages\/88592","targetHints":{"allow":["GET"]}}],"collection":[{"href":"https:\/\/oando.pt\/es\/wp-json\/wp\/v2\/pages"}],"about":[{"href":"https:\/\/oando.pt\/es\/wp-json\/wp\/v2\/types\/page"}],"author":[{"embeddable":true,"href":"https:\/\/oando.pt\/es\/wp-json\/wp\/v2\/users\/1"}],"replies":[{"embeddable":true,"href":"https:\/\/oando.pt\/es\/wp-json\/wp\/v2\/comments?post=88592"}],"version-history":[{"count":1,"href":"https:\/\/oando.pt\/es\/wp-json\/wp\/v2\/pages\/88592\/revisions"}],"predecessor-version":[{"id":88593,"href":"https:\/\/oando.pt\/es\/wp-json\/wp\/v2\/pages\/88592\/revisions\/88593"}],"wp:attachment":[{"href":"https:\/\/oando.pt\/es\/wp-json\/wp\/v2\/media?parent=88592"}],"curies":[{"name":"wp","href":"https:\/\/api.w.org\/{rel}","templated":true}]}}