{"id":88582,"date":"2026-01-06T14:33:24","date_gmt":"2026-01-06T14:33:24","guid":{"rendered":"https:\/\/beta.oando.pt\/%e6%9b%bf%e4%bb%a3%e6%80%a7%e7%88%ad%e8%ad%b0%e8%a7%a3%e6%b1%ba\/"},"modified":"2026-01-06T14:47:34","modified_gmt":"2026-01-06T14:47:34","slug":"%e6%9b%bf%e4%bb%a3%e6%80%a7%e7%88%ad%e8%ad%b0%e8%a7%a3%e6%b1%ba","status":"publish","type":"page","link":"https:\/\/oando.pt\/zh-hant\/%e6%9b%bf%e4%bb%a3%e6%80%a7%e7%88%ad%e8%ad%b0%e8%a7%a3%e6%b1%ba\/","title":{"rendered":"\u66ff\u4ee3\u6027\u722d\u8b70\u89e3\u6c7a"},"content":{"rendered":"\t\t<div data-elementor-type=\"wp-page\" data-elementor-id=\"88582\" class=\"elementor elementor-88582 elementor-88567\">\n\t\t\t\t<div class=\"elementor-element elementor-element-7bedc941 e-flex e-con-boxed e-con e-parent\" data-id=\"7bedc941\" data-element_type=\"container\" data-e-type=\"container\" data-settings=\"{&quot;background_background&quot;:&quot;classic&quot;}\">\n\t\t\t\t\t<div class=\"e-con-inner\">\n\t\t\t\t<div class=\"elementor-element elementor-element-ae7afe5 elementor-widget elementor-widget-houzez_elementor_page_title\" data-id=\"ae7afe5\" data-element_type=\"widget\" data-e-type=\"widget\" data-widget_type=\"houzez_elementor_page_title.default\">\n\t\t\t\t<div class=\"elementor-widget-container\">\n\t\t\t\t\t \n        <div class=\"d-flex align-items-center\">\n            <div class=\"page-title flex-grow-1\" role=\"heading\" aria-level=\"1\">\n\t<h1>\u66ff\u4ee3\u6027\u722d\u8b70\u89e3\u6c7a<\/h1>\n<\/div><!-- page-title -->\n \n        <\/div><!-- d-flex -->  \n        \t\t\t\t<\/div>\n\t\t\t\t<\/div>\n\t\t\t\t<div class=\"elementor-element elementor-element-78fd1c25 elementor-widget elementor-widget-text-editor\" data-id=\"78fd1c25\" data-element_type=\"widget\" data-e-type=\"widget\" data-widget_type=\"text-editor.default\">\n\t\t\t\t\t\t\t\t\t<p><\/p>\n<p>\u5982\u679c\u767c\u751f\u722d\u8b70\uff0c\u6d88\u8cbb\u8005\u53ef\u4ee5\u5411\u6d88\u8cbb\u8005\u722d\u8b70\u89e3\u6c7a\u6a5f\u69cb\u5c0b\u6c42\u5354\u52a9\uff1a<\/p>\n<p><\/p>\n<p>Centro de Arbitragem de Conflitos de Consumo de Lisboa<\/p>\n<p><\/p>\n<p><a href=\"http:\/\/www.centroarbitragemlisboa.pt\/\" target=\"_blank\" rel=\"noreferrer noopener\"><strong>http:\/\/www.centroarbitragemlisboa.pt<\/strong><\/a><\/p>\n<p><\/p>\n<p>Centro de Arbitragem de Conflitos de Consumo do Vale do Ave\/Tribunal Arbitral<\/p>\n<p><\/p>\n<p><a href=\"http:\/\/www.triave.pt\/\" target=\"_blank\" rel=\"noreferrer noopener\"><strong>http:\/\/www.triave.pt<\/strong><\/a><\/p>\n<p><\/p>\n<p>CIAB \u2013 Centro de Informa\u00e7\u00e3o, Media\u00e7\u00e3o e Arbitragem de Consumo (Tribunal Arbitral de Consumo)<\/p>\n<p><\/p>\n<p><a href=\"http:\/\/www.ciab.pt\/pt\" target=\"_blank\" rel=\"noreferrer noopener\"><strong>http:\/\/www.ciab.pt\/pt<\/strong><\/a><\/p>\n<p><\/p>\n<p>CNIACC \u2013 Centro Nacional de Informa\u00e7\u00e3o e Arbitragem de Conflitos de Consumo<\/p>\n<p><\/p>\n<figure class=\"wp-block-embed\">\n<div class=\"wp-block-embed__wrapper\"><strong><a href=\"https:\/\/www.cniacc.pt\/pt\">https:\/\/www.cniacc.pt\/pt<\/a><\/strong><\/div>\n<\/figure>\n<p><\/p>\n<p>Centro de Arbitragem de Conflitos de Consumo do Distrito de Coimbra<\/p>\n<p><\/p>\n<p><a href=\"http:\/\/www.centrodearbitragemdecoimbra.com\/\" target=\"_blank\" rel=\"noreferrer noopener\"><strong>http:\/\/www.centrodearbitragemdecoimbra.com<\/strong><\/a><\/p>\n<p><\/p>\n<p>Centro de Informa\u00e7\u00e3o, Media\u00e7\u00e3o e Arbitragem de Conflitos de Consumo do Algarve<\/p>\n<p><\/p>\n<p><a href=\"http:\/\/www.consumoalgarve.pt\/\" target=\"_blank\" rel=\"noreferrer noopener\"><strong>http:\/\/www.consumoalgarve.pt<\/strong><\/a><\/p>\n<p><\/p>\n<p>Centro de Informa\u00e7\u00e3o de Consumo e Arbitragem do Porto<\/p>\n<p><\/p>\n<p><a href=\"http:\/\/www.cicap.pt\/\" target=\"_blank\" rel=\"noreferrer noopener\"><strong>http:\/\/www.cicap.pt<\/strong><\/a><\/p>\n<p><\/p>\n<p>Centro de Arbitragem de Conflitos de Consumo da Madeira<\/p>\n<p><\/p>\n<figure class=\"wp-block-embed\">\n<div class=\"wp-block-embed__wrapper\"><strong><a href=\"https:\/\/www.madeira.gov.pt\/cacc\">https:\/\/www.madeira.gov.pt\/cacc<\/a><\/strong><\/div>\n<\/figure>\n<p><\/p>\n<p>More information available in the Consumer Portal <a href=\"http:\/\/www.consumidor.pt\/\" target=\"_blank\" rel=\"noreferrer noopener\"><strong>www.consumidor.pt<\/strong><\/a><\/p>\n<p><\/p>\n<p><\/p>\t\t\t\t\t\t\t\t<\/div>\n\t\t\t\t\t<\/div>\n\t\t\t\t<\/div>\n\t\t\t\t<\/div>\n\t\t","protected":false},"excerpt":{"rendered":"<p>\u5982\u679c\u767c\u751f\u722d\u8b70\uff0c\u6d88\u8cbb\u8005\u53ef\u4ee5\u5411\u6d88\u8cbb\u8005\u722d\u8b70\u89e3\u6c7a\u6a5f\u69cb\u5c0b\u6c42\u5354\u52a9\uff1a Centro de Arbitragem de Con [&hellip;]<\/p>\n","protected":false},"author":1,"featured_media":0,"parent":0,"menu_order":0,"comment_status":"closed","ping_status":"closed","template":"elementor_header_footer","meta":{"footnotes":""},"class_list":["post-88582","page","type-page","status-publish","hentry"],"aioseo_notices":[],"_links":{"self":[{"href":"https:\/\/oando.pt\/zh-hant\/wp-json\/wp\/v2\/pages\/88582","targetHints":{"allow":["GET"]}}],"collection":[{"href":"https:\/\/oando.pt\/zh-hant\/wp-json\/wp\/v2\/pages"}],"about":[{"href":"https:\/\/oando.pt\/zh-hant\/wp-json\/wp\/v2\/types\/page"}],"author":[{"embeddable":true,"href":"https:\/\/oando.pt\/zh-hant\/wp-json\/wp\/v2\/users\/1"}],"replies":[{"embeddable":true,"href":"https:\/\/oando.pt\/zh-hant\/wp-json\/wp\/v2\/comments?post=88582"}],"version-history":[{"count":3,"href":"https:\/\/oando.pt\/zh-hant\/wp-json\/wp\/v2\/pages\/88582\/revisions"}],"predecessor-version":[{"id":88605,"href":"https:\/\/oando.pt\/zh-hant\/wp-json\/wp\/v2\/pages\/88582\/revisions\/88605"}],"wp:attachment":[{"href":"https:\/\/oando.pt\/zh-hant\/wp-json\/wp\/v2\/media?parent=88582"}],"curies":[{"name":"wp","href":"https:\/\/api.w.org\/{rel}","templated":true}]}}